{"id":80600,"date":"2026-04-09T16:35:41","date_gmt":"2026-04-09T14:35:41","guid":{"rendered":"https:\/\/www.aronson.com\/?post_type=product&#038;p=80600"},"modified":"2026-04-09T16:40:42","modified_gmt":"2026-04-09T14:40:42","slug":"d1639-polychrome-milking-groups","status":"publish","type":"product","link":"https:\/\/www.aronson.com\/zh-hans\/product\/d1639-polychrome-milking-groups\/","title":{"rendered":"D1639. Pair of Polychrome Milking Groups"},"content":{"rendered":"<p><strong>Note<br \/>\n<\/strong>Gerrit de Graaf was a painter at d\u2019 Oude Prins (The Old Prince) factory, a tile manufactory located on the Anjeliersstraat in Amsterdam. He began working as an apprentice around 1745, and from 1770 onward he possibly managed the painting department. Characteristic of his style were the blue and manganese color scheme and his slightly nervous (<i>kriebelig<\/i>) execution, identifiable through the several pieces that are known bearing his monogram or his complete signature. Although most of his work was on tiles, he also painted molded objects, such as a tray dated 1779, in the Mus\u00e9e national de C\u00e9ramique, S\u00e8vres (inv. no. MNC 1931), and a butter tub in the form of a female figure, dated 1770, and illustrated in Van Dam 1999, p. 45, no. 23, which, with both the artist\u2019s monogram and complete signature is a key piece for attributions to Gerrit de Graaf. There are five pairs and a single figure of recumbent cows known and attributed to d\u2019 Oude Prins factory based on the pair in De Koninklijke Musea voor Kunst en Geschiedenis in Brussels (inv. no. L. 334 a,b), which is signed by Adam Sybel, who, like De Graaf, also was a tile painter at d\u2019 Oude Prins factory. There are no known Amsterdam milking groups. However, in the eighteenth century the tile factories in Amsterdam did produce molded objects on a small scale, so it is possible that this pair of milking groups was indeed the product of d\u2019Oude Prins. Although these groups do show signs of handwork, they clearly were made in a mold based on Delft models. The important differences between the Amsterdam and Delft cows, are in the color palette, and in the body shapes: the Amsterdam cows being more naturalistically modeled than the more stylized Delft cows.<\/p>\n<p class=\"p1\">In spite of a strong argument for this pair of milking groups having been produced in Amsterdam, their origin is still uncertain, although it was not likely to be in one of the Delft facrtories. They may have been created in the Blankenburg tile factory in Amsterdam, which was discontinued in 1764, and from whom Pieter van der Kloet, the owner of d\u2019 Oude Prins, may have bought the molds. Alternatively the groups may have been made in the Blankenburg factory and painted there by De Graaf, where he may have learned his skill as a painter before being employed at d\u2019 Oude Prins.<\/p>\n<p>&nbsp;<\/p>\n","protected":false},"excerpt":{"rendered":"<p><strong>Amsterdam, circa 1770<\/strong><\/p>\n<p class=\"p1\">Each marked GDG in manganese or blue on the yoke for Gerrit de Graaf, a tile painter at d\u2019Oude Prince (The Old Prince) factory<\/p>\n<p>DIMENSIONS<br \/>\nHeight: 14 cm. (5\u00bd in.); length: 20.9 and 21.6 cm.<br \/>\n(8\u00bc and 8\u00bd in.)<\/p>\n<p>PROVENANCE<br \/>\nBelgian Private Collection;<br \/>\nAronson Antiquairs, Amsterdam;<br \/>\nDutch Private Collection<\/p>\n","protected":false},"featured_media":80595,"comment_status":"closed","ping_status":"closed","template":"","meta":[],"product_brand":[],"product_cat":[181,147,184,172,173],"product_tag":[],"class_list":{"0":"post-80600","1":"product","2":"type-product","3":"status-publish","4":"has-post-thumbnail","6":"product_cat-after-1740","7":"product_cat-animal-figures","8":"product_cat-antique","9":"product_cat-figures-groups","10":"product_cat-fruits-animals","11":"entry","12":"has-media","14":"first","15":"instock","16":"sold-individually","17":"shipping-taxable","18":"purchasable","19":"product-type-simple"},"_links":{"self":[{"href":"https:\/\/www.aronson.com\/zh-hans\/wp-json\/wp\/v2\/product\/80600","targetHints":{"allow":["GET"]}}],"collection":[{"href":"https:\/\/www.aronson.com\/zh-hans\/wp-json\/wp\/v2\/product"}],"about":[{"href":"https:\/\/www.aronson.com\/zh-hans\/wp-json\/wp\/v2\/types\/product"}],"replies":[{"embeddable":true,"href":"https:\/\/www.aronson.com\/zh-hans\/wp-json\/wp\/v2\/comments?post=80600"}],"wp:featuredmedia":[{"embeddable":true,"href":"https:\/\/www.aronson.com\/zh-hans\/wp-json\/wp\/v2\/media\/80595"}],"wp:attachment":[{"href":"https:\/\/www.aronson.com\/zh-hans\/wp-json\/wp\/v2\/media?parent=80600"}],"wp:term":[{"taxonomy":"product_brand","embeddable":true,"href":"https:\/\/www.aronson.com\/zh-hans\/wp-json\/wp\/v2\/product_brand?post=80600"},{"taxonomy":"product_cat","embeddable":true,"href":"https:\/\/www.aronson.com\/zh-hans\/wp-json\/wp\/v2\/product_cat?post=80600"},{"taxonomy":"product_tag","embeddable":true,"href":"https:\/\/www.aronson.com\/zh-hans\/wp-json\/wp\/v2\/product_tag?post=80600"}],"curies":[{"name":"wp","href":"https:\/\/api.w.org\/{rel}","templated":true}]}}